{"id":674,"date":"2022-01-19T12:54:39","date_gmt":"2022-01-19T11:54:39","guid":{"rendered":"https:\/\/ferienwohnung-bergisches-land.de\/?page_id=674"},"modified":"2022-01-19T12:54:40","modified_gmt":"2022-01-19T11:54:40","slug":"impressum","status":"publish","type":"page","link":"https:\/\/ferienwohnung-bergisches-land.de\/index.php\/impressum\/","title":{"rendered":"Impressum"},"content":{"rendered":"\n<h1 class=\"wp-block-heading\">Impressum<\/h1>\n\n\n\n<p>Ferienwohnung \u201eSengbachtalblick\u201c<br>Catharina und Wadim Kremer<br>Oberwinkelhausen 18 <br>42929 Wermelskirchen <\/p>\n\n\n\n<p>Tel.: <br>Mail: i<a href=\"mailto:info@ferienwohnung-bergisches-land.de\">nfo@ferienwohnung-bergisches-land.de<\/a><\/p>\n\n\n\n<p>Unsere Web-Seiten haben wir sehr sorgf\u00e4ltig zusammengestellt. Dennoch k\u00f6nnen wir leider f\u00fcr die Richtigkeit und Vollst\u00e4ndigkeit der Angaben keine Haftung \u00fcbernehmen.<\/p>\n\n\n\n<p><strong>Produktinformationen und technische Daten<\/strong><br>Das auf diesen Web-Seiten angebotene Material soll dem Zweck der allgemeinen Information dienen. Es ersetzt keine gesch\u00e4ftliche, technische oder andere professionelle Beratung. Ausgeschlossen sind auch Gew\u00e4hrleistungen jeglicher Art. Auch wenn wir davon ausgehen, da\u00df die von uns angegebenen Informationen zutreffend sind, k\u00f6nnen sie dennoch Fehler oder Ungenauigkeiten enthalten. Informationen und Zahlen unterliegen laufend einer Aktualisierung. F\u00fcr Sch\u00e4den oder Verluste, die durch den Gebrauch dieser Informationen entstehen, \u00fcbernehmen wir keine Haftung.<\/p>\n\n\n\n<p><strong>Hyperlinks<\/strong><br>Die auf unseren Web-Seiten aufgef\u00fchrten Hyperlinks stellen keine Empfehlung dar. Die Genauigkeit und Richtigkeit der dort aufgef\u00fchrten Informationen pr\u00fcfen wir nicht. F\u00fcr Sch\u00e4den, die aus der Verwendung dieser Informationen entstehen, \u00fcbernehmen wir keine Haftung.<\/p>\n\n\n\n<p><strong>Copyright<\/strong><br>S\u00e4mtliche Rechte an den auf dem M&amp;S \u2013 Server angebotenen Informationen bleiben vorbehalten, soweit nachfolgend nichts anderes bestimmt ist. Die Nutzer unserer Webseiten haben das Recht, die Informationen auf unseren Webseiten durch Aufruf der Webseiten zur Kenntnis zu nehmen, Informationen zum privaten Gebrauch herunterzuladen und auszudrucken. Jegliche dar\u00fcber hinausgehende Nutzung, insbesondere die Wiedergabe, Vervielf\u00e4ltigung oder sonstige Nutzung der Inhalte der Webseiten ist \u2013 ungeachtet der zum Einsatz kommenden Vorgehensweise \u2013 ohne vorherige schriftliche Genehmigung der M\u00fcller &amp; Schmitz GmbH unzul\u00e4ssig und rechtswidrig.<\/p>\n","protected":false},"excerpt":{"rendered":"<p>Impressum Ferienwohnung \u201eSengbachtalblick\u201cCatharina und Wadim KremerOberwinkelhausen 18 42929 Wermelskirchen Tel.: Mail: info@ferienwohnung-bergisches-land.de Unsere Web-Seiten haben wir sehr sorgf\u00e4ltig zusammengestellt. Dennoch k\u00f6nnen wir leider f\u00fcr die Richtigkeit und Vollst\u00e4ndigkeit der Angaben keine Haftung \u00fcbernehmen. Produktinformationen und technische DatenDas auf diesen Web-Seiten angebotene Material soll dem Zweck der allgemeinen Information dienen. Es ersetzt keine gesch\u00e4ftliche, technische oder [&hellip;]<\/p>\n","protected":false},"author":1,"featured_media":0,"parent":0,"menu_order":0,"comment_status":"closed","ping_status":"closed","template":"","meta":{"site-sidebar-layout":"default","site-content-layout":"","ast-site-content-layout":"default","site-content-style":"default","site-sidebar-style":"default","ast-global-header-display":"","ast-banner-title-visibility":"","ast-main-header-display":"","ast-hfb-above-header-display":"","ast-hfb-below-header-display":"","ast-hfb-mobile-header-display":"","site-post-title":"","ast-breadcrumbs-content":"","ast-featured-img":"","footer-sml-layout":"","ast-disable-related-posts":"","theme-transparent-header-meta":"","adv-header-id-meta":"","stick-header-meta":"","header-above-stick-meta":"","header-main-stick-meta":"","header-below-stick-meta":"","astra-migrate-meta-layouts":"default","ast-page-background-enabled":"default","ast-page-background-meta":{"desktop":{"background-color":"","background-image":"","background-repeat":"repeat","background-position":"center center","background-size":"auto","background-attachment":"scroll","background-type":"","background-media":"","overlay-type":"","overlay-color":"","overlay-opacity":"","overlay-gradient":""},"tablet":{"background-color":"","background-image":"","background-repeat":"repeat","background-position":"center center","background-size":"auto","background-attachment":"scroll","background-type":"","background-media":"","overlay-type":"","overlay-color":"","overlay-opacity":"","overlay-gradient":""},"mobile":{"background-color":"","background-image":"","background-repeat":"repeat","background-position":"center center","background-size":"auto","background-attachment":"scroll","background-type":"","background-media":"","overlay-type":"","overlay-color":"","overlay-opacity":"","overlay-gradient":""}},"ast-content-background-meta":{"desktop":{"background-color":"var(--ast-global-color-5)","background-image":"","background-repeat":"repeat","background-position":"center center","background-size":"auto","background-attachment":"scroll","background-type":"","background-media":"","overlay-type":"","overlay-color":"","overlay-opacity":"","overlay-gradient":""},"tablet":{"background-color":"var(--ast-global-color-5)","background-image":"","background-repeat":"repeat","background-position":"center center","background-size":"auto","background-attachment":"scroll","background-type":"","background-media":"","overlay-type":"","overlay-color":"","overlay-opacity":"","overlay-gradient":""},"mobile":{"background-color":"var(--ast-global-color-5)","background-image":"","background-repeat":"repeat","background-position":"center center","background-size":"auto","background-attachment":"scroll","background-type":"","background-media":"","overlay-type":"","overlay-color":"","overlay-opacity":"","overlay-gradient":""}},"footnotes":""},"class_list":["post-674","page","type-page","status-publish","hentry"],"yoast_head":"<!-- This site is optimized with the Yoast SEO plugin v27.3 - https:\/\/yoast.com\/product\/yoast-seo-wordpress\/ -->\n<title>Impressum - Ferienwohnung Bergisches Land<\/title>\n<meta name=\"robots\" content=\"index, follow, max-snippet:-1, max-image-preview:large, max-video-preview:-1\" \/>\n<link rel=\"canonical\" href=\"https:\/\/ferienwohnung-bergisches-land.de\/index.php\/impressum\/\" \/>\n<meta property=\"og:locale\" content=\"de_DE\" \/>\n<meta property=\"og:type\" content=\"article\" \/>\n<meta property=\"og:title\" content=\"Impressum - Ferienwohnung Bergisches Land\" \/>\n<meta property=\"og:description\" content=\"Impressum Ferienwohnung \u201eSengbachtalblick\u201cCatharina und Wadim KremerOberwinkelhausen 18 42929 Wermelskirchen Tel.: Mail: info@ferienwohnung-bergisches-land.de Unsere Web-Seiten haben wir sehr sorgf\u00e4ltig zusammengestellt. Dennoch k\u00f6nnen wir leider f\u00fcr die Richtigkeit und Vollst\u00e4ndigkeit der Angaben keine Haftung \u00fcbernehmen. Produktinformationen und technische DatenDas auf diesen Web-Seiten angebotene Material soll dem Zweck der allgemeinen Information dienen. Es ersetzt keine gesch\u00e4ftliche, technische oder [&hellip;]\" \/>\n<meta property=\"og:url\" content=\"https:\/\/ferienwohnung-bergisches-land.de\/index.php\/impressum\/\" \/>\n<meta property=\"og:site_name\" content=\"Ferienwohnung Bergisches Land\" \/>\n<meta property=\"article:modified_time\" content=\"2022-01-19T11:54:40+00:00\" \/>\n<meta name=\"twitter:card\" content=\"summary_large_image\" \/>\n<meta name=\"twitter:label1\" content=\"Gesch\u00e4tzte Lesezeit\" \/>\n\t<meta name=\"twitter:data1\" content=\"2\u00a0Minuten\" \/>\n<script type=\"application\/ld+json\" class=\"yoast-schema-graph\">{\"@context\":\"https:\\\/\\\/schema.org\",\"@graph\":[{\"@type\":\"WebPage\",\"@id\":\"https:\\\/\\\/ferienwohnung-bergisches-land.de\\\/index.php\\\/impressum\\\/\",\"url\":\"https:\\\/\\\/ferienwohnung-bergisches-land.de\\\/index.php\\\/impressum\\\/\",\"name\":\"Impressum - Ferienwohnung Bergisches Land\",\"isPartOf\":{\"@id\":\"https:\\\/\\\/ferienwohnung-bergisches-land.de\\\/#website\"},\"datePublished\":\"2022-01-19T11:54:39+00:00\",\"dateModified\":\"2022-01-19T11:54:40+00:00\",\"breadcrumb\":{\"@id\":\"https:\\\/\\\/ferienwohnung-bergisches-land.de\\\/index.php\\\/impressum\\\/#breadcrumb\"},\"inLanguage\":\"de\",\"potentialAction\":[{\"@type\":\"ReadAction\",\"target\":[\"https:\\\/\\\/ferienwohnung-bergisches-land.de\\\/index.php\\\/impressum\\\/\"]}]},{\"@type\":\"BreadcrumbList\",\"@id\":\"https:\\\/\\\/ferienwohnung-bergisches-land.de\\\/index.php\\\/impressum\\\/#breadcrumb\",\"itemListElement\":[{\"@type\":\"ListItem\",\"position\":1,\"name\":\"Startseite\",\"item\":\"https:\\\/\\\/ferienwohnung-bergisches-land.de\\\/\"},{\"@type\":\"ListItem\",\"position\":2,\"name\":\"Impressum\"}]},{\"@type\":\"WebSite\",\"@id\":\"https:\\\/\\\/ferienwohnung-bergisches-land.de\\\/#website\",\"url\":\"https:\\\/\\\/ferienwohnung-bergisches-land.de\\\/\",\"name\":\"Ferienwohnung Bergisches Land\",\"description\":\"\",\"potentialAction\":[{\"@type\":\"SearchAction\",\"target\":{\"@type\":\"EntryPoint\",\"urlTemplate\":\"https:\\\/\\\/ferienwohnung-bergisches-land.de\\\/?s={search_term_string}\"},\"query-input\":{\"@type\":\"PropertyValueSpecification\",\"valueRequired\":true,\"valueName\":\"search_term_string\"}}],\"inLanguage\":\"de\"}]}<\/script>\n<!-- \/ Yoast SEO plugin. -->","yoast_head_json":{"title":"Impressum - Ferienwohnung Bergisches Land","robots":{"index":"index","follow":"follow","max-snippet":"max-snippet:-1","max-image-preview":"max-image-preview:large","max-video-preview":"max-video-preview:-1"},"canonical":"https:\/\/ferienwohnung-bergisches-land.de\/index.php\/impressum\/","og_locale":"de_DE","og_type":"article","og_title":"Impressum - Ferienwohnung Bergisches Land","og_description":"Impressum Ferienwohnung \u201eSengbachtalblick\u201cCatharina und Wadim KremerOberwinkelhausen 18 42929 Wermelskirchen Tel.: Mail: info@ferienwohnung-bergisches-land.de Unsere Web-Seiten haben wir sehr sorgf\u00e4ltig zusammengestellt. Dennoch k\u00f6nnen wir leider f\u00fcr die Richtigkeit und Vollst\u00e4ndigkeit der Angaben keine Haftung \u00fcbernehmen. Produktinformationen und technische DatenDas auf diesen Web-Seiten angebotene Material soll dem Zweck der allgemeinen Information dienen. Es ersetzt keine gesch\u00e4ftliche, technische oder [&hellip;]","og_url":"https:\/\/ferienwohnung-bergisches-land.de\/index.php\/impressum\/","og_site_name":"Ferienwohnung Bergisches Land","article_modified_time":"2022-01-19T11:54:40+00:00","twitter_card":"summary_large_image","twitter_misc":{"Gesch\u00e4tzte Lesezeit":"2\u00a0Minuten"},"schema":{"@context":"https:\/\/schema.org","@graph":[{"@type":"WebPage","@id":"https:\/\/ferienwohnung-bergisches-land.de\/index.php\/impressum\/","url":"https:\/\/ferienwohnung-bergisches-land.de\/index.php\/impressum\/","name":"Impressum - Ferienwohnung Bergisches Land","isPartOf":{"@id":"https:\/\/ferienwohnung-bergisches-land.de\/#website"},"datePublished":"2022-01-19T11:54:39+00:00","dateModified":"2022-01-19T11:54:40+00:00","breadcrumb":{"@id":"https:\/\/ferienwohnung-bergisches-land.de\/index.php\/impressum\/#breadcrumb"},"inLanguage":"de","potentialAction":[{"@type":"ReadAction","target":["https:\/\/ferienwohnung-bergisches-land.de\/index.php\/impressum\/"]}]},{"@type":"BreadcrumbList","@id":"https:\/\/ferienwohnung-bergisches-land.de\/index.php\/impressum\/#breadcrumb","itemListElement":[{"@type":"ListItem","position":1,"name":"Startseite","item":"https:\/\/ferienwohnung-bergisches-land.de\/"},{"@type":"ListItem","position":2,"name":"Impressum"}]},{"@type":"WebSite","@id":"https:\/\/ferienwohnung-bergisches-land.de\/#website","url":"https:\/\/ferienwohnung-bergisches-land.de\/","name":"Ferienwohnung Bergisches Land","description":"","potentialAction":[{"@type":"SearchAction","target":{"@type":"EntryPoint","urlTemplate":"https:\/\/ferienwohnung-bergisches-land.de\/?s={search_term_string}"},"query-input":{"@type":"PropertyValueSpecification","valueRequired":true,"valueName":"search_term_string"}}],"inLanguage":"de"}]}},"_links":{"self":[{"href":"https:\/\/ferienwohnung-bergisches-land.de\/index.php\/wp-json\/wp\/v2\/pages\/674","targetHints":{"allow":["GET"]}}],"collection":[{"href":"https:\/\/ferienwohnung-bergisches-land.de\/index.php\/wp-json\/wp\/v2\/pages"}],"about":[{"href":"https:\/\/ferienwohnung-bergisches-land.de\/index.php\/wp-json\/wp\/v2\/types\/page"}],"author":[{"embeddable":true,"href":"https:\/\/ferienwohnung-bergisches-land.de\/index.php\/wp-json\/wp\/v2\/users\/1"}],"replies":[{"embeddable":true,"href":"https:\/\/ferienwohnung-bergisches-land.de\/index.php\/wp-json\/wp\/v2\/comments?post=674"}],"version-history":[{"count":1,"href":"https:\/\/ferienwohnung-bergisches-land.de\/index.php\/wp-json\/wp\/v2\/pages\/674\/revisions"}],"predecessor-version":[{"id":676,"href":"https:\/\/ferienwohnung-bergisches-land.de\/index.php\/wp-json\/wp\/v2\/pages\/674\/revisions\/676"}],"wp:attachment":[{"href":"https:\/\/ferienwohnung-bergisches-land.de\/index.php\/wp-json\/wp\/v2\/media?parent=674"}],"curies":[{"name":"wp","href":"https:\/\/api.w.org\/{rel}","templated":true}]}}