{"id":217,"date":"2020-05-12T03:43:03","date_gmt":"2020-05-12T03:43:03","guid":{"rendered":"https:\/\/ferienwohnung-bergisches-land.de\/index.php\/home\/"},"modified":"2023-03-31T08:38:22","modified_gmt":"2023-03-31T07:38:22","slug":"home","status":"publish","type":"page","link":"https:\/\/ferienwohnung-bergisches-land.de\/","title":{"rendered":"Home"},"content":{"rendered":"\n<div class=\"wp-block-cover alignfull is-light\" style=\"min-height:537px;aspect-ratio:unset;\"><span aria-hidden=\"true\" class=\"wp-block-cover__background has-ast-global-color-2-background-color has-background-dim-0 has-background-dim\"><\/span><img loading=\"lazy\" decoding=\"async\" width=\"1181\" height=\"558\" class=\"wp-block-cover__image-background wp-image-712\" alt=\"\" src=\"https:\/\/ferienwohnung-bergisches-land.de\/wp-content\/uploads\/2022\/02\/Sonnenuntergang1_cut.jpg\" style=\"object-position:51% 63%\" data-object-fit=\"cover\" data-object-position=\"51% 63%\" srcset=\"https:\/\/ferienwohnung-bergisches-land.de\/wp-content\/uploads\/2022\/02\/Sonnenuntergang1_cut.jpg 1181w, https:\/\/ferienwohnung-bergisches-land.de\/wp-content\/uploads\/2022\/02\/Sonnenuntergang1_cut-300x142.jpg 300w, https:\/\/ferienwohnung-bergisches-land.de\/wp-content\/uploads\/2022\/02\/Sonnenuntergang1_cut-1024x484.jpg 1024w, https:\/\/ferienwohnung-bergisches-land.de\/wp-content\/uploads\/2022\/02\/Sonnenuntergang1_cut-768x363.jpg 768w\" sizes=\"auto, (max-width: 1181px) 100vw, 1181px\" \/><div class=\"wp-block-cover__inner-container is-layout-flow wp-block-cover-is-layout-flow\">\n<p class=\"has-text-align-center has-large-font-size\"><\/p>\n<\/div><\/div>\n\n\n\n<div class=\"inherit-container-width wp-block-group is-layout-constrained wp-block-group-is-layout-constrained\"><div class=\"wp-block-group__inner-container\">\n<h1 class=\"wp-block-heading has-text-align-center has-ast-global-color-5-color has-text-color\" id=\"ferienwohnung-bergisches-land\"><mark style=\"background-color:rgba(0, 0, 0, 0)\" class=\"has-inline-color has-ast-global-color-3-color\">Ferienwohnung Bergisches Land<\/mark><\/h1>\n\n\n\n<p class=\"has-text-align-center\"><strong><strong>Ferienwohnung in Wermelskirchen Oberwinkelhausen<\/strong><\/strong><\/p>\n\n\n\n<div class=\"wp-block-buttons is-horizontal is-content-justification-center is-layout-flex wp-container-core-buttons-is-layout-03627597 wp-block-buttons-is-layout-flex\">\n<div class=\"wp-block-button is-style-fill\"><a class=\"wp-block-button__link has-ast-global-color-2-color has-ast-global-color-5-background-color has-text-color has-background wp-element-button\" href=\"\/index.php\/raeumlichkeiten\/\" rel=\"#\">R\u00e4umlichkeiten<\/a><\/div>\n<\/div>\n\n\n\n<p><\/p>\n<\/div><\/div>\n\n\n\n<div class=\"inherit-container-width wp-block-group alignfull has-ast-global-color-5-background-color has-background is-layout-constrained wp-block-group-is-layout-constrained\"><div class=\"wp-block-group__inner-container\">\n<div class=\"wp-block-columns are-vertically-aligned-center is-layout-flex wp-container-core-columns-is-layout-28f84493 wp-block-columns-is-layout-flex\">\n<div class=\"wp-block-column is-layout-flow wp-block-column-is-layout-flow\">\n<div class=\"wp-block-cover is-light\"><span aria-hidden=\"true\" class=\"wp-block-cover__background has-background-dim-0 has-background-dim\"><\/span><img loading=\"lazy\" decoding=\"async\" width=\"1024\" height=\"684\" class=\"wp-block-cover__image-background wp-image-606\" alt=\"\" src=\"https:\/\/ferienwohnung-bergisches-land.de\/wp-content\/uploads\/2022\/01\/Kueche1-1024x684.jpg\" data-object-fit=\"cover\" srcset=\"https:\/\/ferienwohnung-bergisches-land.de\/wp-content\/uploads\/2022\/01\/Kueche1-1024x684.jpg 1024w, https:\/\/ferienwohnung-bergisches-land.de\/wp-content\/uploads\/2022\/01\/Kueche1-300x200.jpg 300w, https:\/\/ferienwohnung-bergisches-land.de\/wp-content\/uploads\/2022\/01\/Kueche1-768x513.jpg 768w, https:\/\/ferienwohnung-bergisches-land.de\/wp-content\/uploads\/2022\/01\/Kueche1-1536x1026.jpg 1536w, https:\/\/ferienwohnung-bergisches-land.de\/wp-content\/uploads\/2022\/01\/Kueche1.jpg 1920w\" sizes=\"auto, (max-width: 1024px) 100vw, 1024px\" \/><div class=\"wp-block-cover__inner-container is-layout-flow wp-block-cover-is-layout-flow\">\n<p class=\"has-text-align-center has-large-font-size\"><a href=\"\/index.php\/raeumlichkeiten\/\"><mark style=\"background-color:rgba(0, 0, 0, 0)\" class=\"has-inline-color has-ast-global-color-5-color\">K\u00fcche<\/mark><\/a><\/p>\n<\/div><\/div>\n<\/div>\n\n\n\n<div class=\"wp-block-column is-layout-flow wp-block-column-is-layout-flow\">\n<div class=\"wp-block-cover is-light\"><span aria-hidden=\"true\" class=\"wp-block-cover__background has-background-dim-0 has-background-dim\"><\/span><img loading=\"lazy\" decoding=\"async\" width=\"1024\" height=\"684\" class=\"wp-block-cover__image-background wp-image-616\" alt=\"\" src=\"https:\/\/ferienwohnung-bergisches-land.de\/wp-content\/uploads\/2022\/01\/Wohnzimmer4-1024x684.jpg\" data-object-fit=\"cover\" srcset=\"https:\/\/ferienwohnung-bergisches-land.de\/wp-content\/uploads\/2022\/01\/Wohnzimmer4-1024x684.jpg 1024w, https:\/\/ferienwohnung-bergisches-land.de\/wp-content\/uploads\/2022\/01\/Wohnzimmer4-300x200.jpg 300w, https:\/\/ferienwohnung-bergisches-land.de\/wp-content\/uploads\/2022\/01\/Wohnzimmer4-768x513.jpg 768w, https:\/\/ferienwohnung-bergisches-land.de\/wp-content\/uploads\/2022\/01\/Wohnzimmer4-1536x1026.jpg 1536w, https:\/\/ferienwohnung-bergisches-land.de\/wp-content\/uploads\/2022\/01\/Wohnzimmer4.jpg 1920w\" sizes=\"auto, (max-width: 1024px) 100vw, 1024px\" \/><div class=\"wp-block-cover__inner-container is-layout-flow wp-block-cover-is-layout-flow\">\n<p class=\"has-text-align-center has-large-font-size\"><a href=\"\/index.php\/raeumlichkeiten\/\"><mark style=\"background-color:rgba(0, 0, 0, 0)\" class=\"has-inline-color has-ast-global-color-5-color\">Aufenthalt<\/mark><\/a><\/p>\n<\/div><\/div>\n<\/div>\n\n\n\n<div class=\"wp-block-column mbfalse is-layout-flow wp-block-column-is-layout-flow\">\n<div class=\"wp-block-cover is-light\"><span aria-hidden=\"true\" class=\"wp-block-cover__background has-background-dim-0 has-background-dim\"><\/span><img loading=\"lazy\" decoding=\"async\" width=\"1024\" height=\"684\" class=\"wp-block-cover__image-background wp-image-605\" alt=\"\" src=\"https:\/\/ferienwohnung-bergisches-land.de\/wp-content\/uploads\/2022\/01\/Kamin-1024x684.jpg\" data-object-fit=\"cover\" srcset=\"https:\/\/ferienwohnung-bergisches-land.de\/wp-content\/uploads\/2022\/01\/Kamin-1024x684.jpg 1024w, https:\/\/ferienwohnung-bergisches-land.de\/wp-content\/uploads\/2022\/01\/Kamin-300x200.jpg 300w, https:\/\/ferienwohnung-bergisches-land.de\/wp-content\/uploads\/2022\/01\/Kamin-768x513.jpg 768w, https:\/\/ferienwohnung-bergisches-land.de\/wp-content\/uploads\/2022\/01\/Kamin-1536x1026.jpg 1536w, https:\/\/ferienwohnung-bergisches-land.de\/wp-content\/uploads\/2022\/01\/Kamin.jpg 1920w\" sizes=\"auto, (max-width: 1024px) 100vw, 1024px\" \/><div class=\"wp-block-cover__inner-container is-layout-flow wp-block-cover-is-layout-flow\">\n<p class=\"has-text-align-center has-large-font-size\"><a href=\"\/index.php\/raeumlichkeiten\/\"><mark style=\"background-color:rgba(0, 0, 0, 0)\" class=\"has-inline-color has-ast-global-color-5-color\">Kamin<\/mark><\/a><\/p>\n<\/div><\/div>\n<\/div>\n<\/div>\n<\/div><\/div>\n\n\n\n<div class=\"inherit-container-width wp-block-group alignfull has-ast-global-color-5-background-color has-background is-layout-constrained wp-block-group-is-layout-constrained\"><div class=\"wp-block-group__inner-container\">\n<div class=\"wp-block-columns is-layout-flex wp-container-core-columns-is-layout-28f84493 wp-block-columns-is-layout-flex\">\n<div class=\"wp-block-column is-layout-flow wp-block-column-is-layout-flow\">\n<h2 class=\"wp-block-heading\" id=\"oberwinkelhausen-der-name-ist-programm\"><strong>Oberwinkelhausen \u2013 Der Name ist Programm<\/strong><\/h2>\n\n\n\n<p>Am Stadtrand von Wermelskirchen gelegen ist diese kleine Ortschaft gepr\u00e4gt durch verwinkelte Stra\u00dfen und H\u00e4user. Lediglich eine Sackgasse f\u00fchrt in diese Idylle, kein Durchgangsverkehr st\u00f6rt und der Blick geht \u00fcber Wiesen und W\u00e4lder Richtung K\u00f6ln, dessen Dom und Fernsehturm von hier aus sichtbar am Horizont erscheint. Und doch liegt Oberwinkelhausen zentral mit kurzen Wegen zu Eink\u00e4ufen des t\u00e4glichen Bedarfs, schneller Anbindung an die A 1 und vielen Sehensw\u00fcrdigkeiten, die auch fu\u00dfl\u00e4ufig erreichbar sind. Also der ideale Ausgangspunkt f\u00fcr alle, die Ruhe suchen und doch die Annehmlichkeiten schneller Erreichbarkeit zu sch\u00e4tzen wissen.<\/p>\n\n\n\n<p>In dieser idyllischen Landschaft bieten wir eine komfortable, gro\u00dfz\u00fcgig geschnittene und mit viel Liebe eingerichtete Ferienwohnung an, die auf \u00fcber 120 qm Wohnfl\u00e4che Platz bietet f\u00fcr bis zu 4 Personen. Dazu eine nicht einsehbare Sonnenterasse und Liegewiese. Ob Gesch\u00e4ftsreise, Messebesuch, Kurz- oder Langzeiturlaub: Ankommen und sich wohlf\u00fchlen von Beginn an! Direkt vor Ihrem Zuhause auf Zeit finden Sie stressfrei einen Platz zum Ausladen und Abstellen Ihres Fahrzeuges.<\/p>\n<\/div>\n\n\n\n<div class=\"wp-block-column is-layout-flow wp-block-column-is-layout-flow\">\n<h2 class=\"wp-block-heading\" id=\"was-bietet-ihnen-unsere-ferienwohnung\"><strong>Was bietet Ihnen unsere Ferienwohnung?<\/strong><\/h2>\n\n\n\n<p>Die R\u00e4umlichkeiten mit separatem Eingang sind nahezu ebenerdig und bestehen aus einem gro\u00dfen Wohn-\/Esszimmer, einer modernen Komfortk\u00fcche mit Vollausstattung, einem Schlafzimmer mit Boxspringbett und Schlafsofa, einem Badezimmer mit ebenerdiger Dusche, Badewanne, WC und Waschbecken. Zur besonderen Ausstattung geh\u00f6rt ein offener Kamin.<\/p>\n\n\n\n<p>Wir freuen uns, Sie bald kennenzulernen und w\u00fcnschen Ihnen schon jetzt einen angenehmen Aufenthalt in unserem Feriendomizil.<\/p>\n<\/div>\n<\/div>\n<\/div><\/div>\n\n\n\n<div class=\"wp-block-cover alignfull is-light has-parallax\" style=\"min-height:595px;aspect-ratio:unset;\"><span aria-hidden=\"true\" class=\"wp-block-cover__background has-ast-global-color-1-background-color has-background-dim-40 has-background-dim\"><\/span><div role=\"img\" class=\"wp-block-cover__image-background wp-image-712 has-parallax\" style=\"background-position:50% 50%;background-image:url(https:\/\/ferienwohnung-bergisches-land.de\/wp-content\/uploads\/2022\/02\/Sonnenuntergang1_cut.jpg)\"><\/div><div class=\"wp-block-cover__inner-container is-layout-flow wp-block-cover-is-layout-flow\">\n<h2 class=\"wp-block-heading has-text-align-center has-white-color has-text-color\" id=\"nehmen-sie-kontakt-auf\"><em>Nehmen Sie Kontakt auf<\/em><\/h2>\n\n\n\n<div class=\"wp-block-buttons is-horizontal is-content-justification-center is-layout-flex wp-container-core-buttons-is-layout-03627597 wp-block-buttons-is-layout-flex\">\n<div class=\"wp-block-button is-style-fill\"><a class=\"wp-block-button__link has-ast-global-color-3-color has-ast-global-color-5-background-color has-text-color has-background wp-element-button\" href=\"\/index.php\/kontakt\/\" rel=\"#\">Kontakt<\/a><\/div>\n<\/div>\n<\/div><\/div>\n\n\n\n<div class=\"inherit-container-width wp-block-group is-layout-constrained wp-block-group-is-layout-constrained\"><div class=\"wp-block-group__inner-container\">\n<h2 class=\"wp-block-heading\" id=\"unsere-preise\">Unsere Preise<\/h2>\n\n\n\n<div class=\"wp-block-columns is-layout-flex wp-container-core-columns-is-layout-28f84493 wp-block-columns-is-layout-flex\">\n<div class=\"wp-block-column is-layout-flow wp-block-column-is-layout-flow\">\n<p><strong>1 \u2013 6 N\u00e4chte<\/strong><\/p>\n\n\n\n<p>EUR 90,00\/Nacht<\/p>\n<\/div>\n\n\n\n<div class=\"wp-block-column is-layout-flow wp-block-column-is-layout-flow\">\n<p><strong>1 \u2013 2 Wochen<\/strong><\/p>\n\n\n\n<p>EUR 85,00\/Nacht<\/p>\n<\/div>\n\n\n\n<div class=\"wp-block-column is-layout-flow wp-block-column-is-layout-flow\">\n<p><strong>1 Monat<\/strong><\/p>\n\n\n\n<p>EUR 80,00\/Nacht<\/p>\n<\/div>\n<\/div>\n\n\n\n<p>Endreinigung: EUR 70,00 pro Aufenthalt<\/p>\n\n\n\n<p>+15 EUR p.P.\/Nacht bei mehr als 4 G\u00e4sten<\/p>\n\n\n\n<p>+25 EUR pro Tier\/Aufenthalt<\/p>\n<\/div><\/div>\n","protected":false},"excerpt":{"rendered":"<p>Ferienwohnung Bergisches Land Ferienwohnung in Wermelskirchen Oberwinkelhausen Oberwinkelhausen \u2013 Der Name ist Programm Am Stadtrand von Wermelskirchen gelegen ist diese kleine Ortschaft gepr\u00e4gt durch verwinkelte Stra\u00dfen und H\u00e4user. Lediglich eine Sackgasse f\u00fchrt in diese Idylle, kein Durchgangsverkehr st\u00f6rt und der Blick geht \u00fcber Wiesen und W\u00e4lder Richtung K\u00f6ln, dessen Dom und Fernsehturm von hier aus [&hellip;]<\/p>\n","protected":false},"author":1,"featured_media":0,"parent":0,"menu_order":0,"comment_status":"closed","ping_status":"closed","template":"","meta":{"site-sidebar-layout":"no-sidebar","site-content-layout":"plain-container","ast-site-content-layout":"default","site-content-style":"default","site-sidebar-style":"default","ast-global-header-display":"","ast-banner-title-visibility":"","ast-main-header-display":"","ast-hfb-above-header-display":"","ast-hfb-below-header-display":"","ast-hfb-mobile-header-display":"","site-post-title":"disabled","ast-breadcrumbs-content":"","ast-featured-img":"disabled","footer-sml-layout":"","ast-disable-related-posts":"","theme-transparent-header-meta":"enabled","adv-header-id-meta":"","stick-header-meta":"","header-above-stick-meta":"","header-main-stick-meta":"","header-below-stick-meta":"","astra-migrate-meta-layouts":"default","ast-page-background-enabled":"default","ast-page-background-meta":{"desktop":{"background-color":"","background-image":"","background-repeat":"repeat","background-position":"center center","background-size":"auto","background-attachment":"scroll","background-type":"","background-media":"","overlay-type":"","overlay-color":"","overlay-opacity":"","overlay-gradient":""},"tablet":{"background-color":"","background-image":"","background-repeat":"repeat","background-position":"center center","background-size":"auto","background-attachment":"scroll","background-type":"","background-media":"","overlay-type":"","overlay-color":"","overlay-opacity":"","overlay-gradient":""},"mobile":{"background-color":"","background-image":"","background-repeat":"repeat","background-position":"center center","background-size":"auto","background-attachment":"scroll","background-type":"","background-media":"","overlay-type":"","overlay-color":"","overlay-opacity":"","overlay-gradient":""}},"ast-content-background-meta":{"desktop":{"background-color":"var(--ast-global-color-5)","background-image":"","background-repeat":"repeat","background-position":"center center","background-size":"auto","background-attachment":"scroll","background-type":"","background-media":"","overlay-type":"","overlay-color":"","overlay-opacity":"","overlay-gradient":""},"tablet":{"background-color":"var(--ast-global-color-5)","background-image":"","background-repeat":"repeat","background-position":"center center","background-size":"auto","background-attachment":"scroll","background-type":"","background-media":"","overlay-type":"","overlay-color":"","overlay-opacity":"","overlay-gradient":""},"mobile":{"background-color":"var(--ast-global-color-5)","background-image":"","background-repeat":"repeat","background-position":"center center","background-size":"auto","background-attachment":"scroll","background-type":"","background-media":"","overlay-type":"","overlay-color":"","overlay-opacity":"","overlay-gradient":""}},"footnotes":""},"class_list":["post-217","page","type-page","status-publish","hentry"],"yoast_head":"<!-- This site is optimized with the Yoast SEO plugin v27.4 - https:\/\/yoast.com\/product\/yoast-seo-wordpress\/ -->\n<title>Home - Ferienwohnung Bergisches Land<\/title>\n<meta name=\"robots\" content=\"index, follow, max-snippet:-1, max-image-preview:large, max-video-preview:-1\" \/>\n<link rel=\"canonical\" href=\"https:\/\/ferienwohnung-bergisches-land.de\/\" \/>\n<meta property=\"og:locale\" content=\"de_DE\" \/>\n<meta property=\"og:type\" content=\"article\" \/>\n<meta property=\"og:title\" content=\"Home - Ferienwohnung Bergisches Land\" \/>\n<meta property=\"og:description\" content=\"Ferienwohnung Bergisches Land Ferienwohnung in Wermelskirchen Oberwinkelhausen Oberwinkelhausen \u2013 Der Name ist Programm Am Stadtrand von Wermelskirchen gelegen ist diese kleine Ortschaft gepr\u00e4gt durch verwinkelte Stra\u00dfen und H\u00e4user. Lediglich eine Sackgasse f\u00fchrt in diese Idylle, kein Durchgangsverkehr st\u00f6rt und der Blick geht \u00fcber Wiesen und W\u00e4lder Richtung K\u00f6ln, dessen Dom und Fernsehturm von hier aus [&hellip;]\" \/>\n<meta property=\"og:url\" content=\"https:\/\/ferienwohnung-bergisches-land.de\/\" \/>\n<meta property=\"og:site_name\" content=\"Ferienwohnung Bergisches Land\" \/>\n<meta property=\"article:modified_time\" content=\"2023-03-31T07:38:22+00:00\" \/>\n<meta property=\"og:image\" content=\"https:\/\/ferienwohnung-bergisches-land.de\/wp-content\/uploads\/2022\/02\/Sonnenuntergang1_cut.jpg\" \/>\n<meta name=\"twitter:card\" content=\"summary_large_image\" \/>\n<meta name=\"twitter:label1\" content=\"Gesch\u00e4tzte Lesezeit\" \/>\n\t<meta name=\"twitter:data1\" content=\"3\u00a0Minuten\" \/>\n<script type=\"application\/ld+json\" class=\"yoast-schema-graph\">{\"@context\":\"https:\\\/\\\/schema.org\",\"@graph\":[{\"@type\":\"WebPage\",\"@id\":\"https:\\\/\\\/ferienwohnung-bergisches-land.de\\\/\",\"url\":\"https:\\\/\\\/ferienwohnung-bergisches-land.de\\\/\",\"name\":\"Home - Ferienwohnung Bergisches Land\",\"isPartOf\":{\"@id\":\"https:\\\/\\\/ferienwohnung-bergisches-land.de\\\/#website\"},\"primaryImageOfPage\":{\"@id\":\"https:\\\/\\\/ferienwohnung-bergisches-land.de\\\/#primaryimage\"},\"image\":{\"@id\":\"https:\\\/\\\/ferienwohnung-bergisches-land.de\\\/#primaryimage\"},\"thumbnailUrl\":\"https:\\\/\\\/ferienwohnung-bergisches-land.de\\\/wp-content\\\/uploads\\\/2022\\\/02\\\/Sonnenuntergang1_cut.jpg\",\"datePublished\":\"2020-05-12T03:43:03+00:00\",\"dateModified\":\"2023-03-31T07:38:22+00:00\",\"breadcrumb\":{\"@id\":\"https:\\\/\\\/ferienwohnung-bergisches-land.de\\\/#breadcrumb\"},\"inLanguage\":\"de\",\"potentialAction\":[{\"@type\":\"ReadAction\",\"target\":[\"https:\\\/\\\/ferienwohnung-bergisches-land.de\\\/\"]}]},{\"@type\":\"ImageObject\",\"inLanguage\":\"de\",\"@id\":\"https:\\\/\\\/ferienwohnung-bergisches-land.de\\\/#primaryimage\",\"url\":\"https:\\\/\\\/ferienwohnung-bergisches-land.de\\\/wp-content\\\/uploads\\\/2022\\\/02\\\/Sonnenuntergang1_cut.jpg\",\"contentUrl\":\"https:\\\/\\\/ferienwohnung-bergisches-land.de\\\/wp-content\\\/uploads\\\/2022\\\/02\\\/Sonnenuntergang1_cut.jpg\",\"width\":1181,\"height\":558},{\"@type\":\"BreadcrumbList\",\"@id\":\"https:\\\/\\\/ferienwohnung-bergisches-land.de\\\/#breadcrumb\",\"itemListElement\":[{\"@type\":\"ListItem\",\"position\":1,\"name\":\"Startseite\",\"item\":\"https:\\\/\\\/ferienwohnung-bergisches-land.de\\\/\"},{\"@type\":\"ListItem\",\"position\":2,\"name\":\"Home\"}]},{\"@type\":\"WebSite\",\"@id\":\"https:\\\/\\\/ferienwohnung-bergisches-land.de\\\/#website\",\"url\":\"https:\\\/\\\/ferienwohnung-bergisches-land.de\\\/\",\"name\":\"Ferienwohnung Bergisches Land\",\"description\":\"\",\"potentialAction\":[{\"@type\":\"SearchAction\",\"target\":{\"@type\":\"EntryPoint\",\"urlTemplate\":\"https:\\\/\\\/ferienwohnung-bergisches-land.de\\\/?s={search_term_string}\"},\"query-input\":{\"@type\":\"PropertyValueSpecification\",\"valueRequired\":true,\"valueName\":\"search_term_string\"}}],\"inLanguage\":\"de\"}]}<\/script>\n<!-- \/ Yoast SEO plugin. -->","yoast_head_json":{"title":"Home - Ferienwohnung Bergisches Land","robots":{"index":"index","follow":"follow","max-snippet":"max-snippet:-1","max-image-preview":"max-image-preview:large","max-video-preview":"max-video-preview:-1"},"canonical":"https:\/\/ferienwohnung-bergisches-land.de\/","og_locale":"de_DE","og_type":"article","og_title":"Home - Ferienwohnung Bergisches Land","og_description":"Ferienwohnung Bergisches Land Ferienwohnung in Wermelskirchen Oberwinkelhausen Oberwinkelhausen \u2013 Der Name ist Programm Am Stadtrand von Wermelskirchen gelegen ist diese kleine Ortschaft gepr\u00e4gt durch verwinkelte Stra\u00dfen und H\u00e4user. Lediglich eine Sackgasse f\u00fchrt in diese Idylle, kein Durchgangsverkehr st\u00f6rt und der Blick geht \u00fcber Wiesen und W\u00e4lder Richtung K\u00f6ln, dessen Dom und Fernsehturm von hier aus [&hellip;]","og_url":"https:\/\/ferienwohnung-bergisches-land.de\/","og_site_name":"Ferienwohnung Bergisches Land","article_modified_time":"2023-03-31T07:38:22+00:00","og_image":[{"url":"https:\/\/ferienwohnung-bergisches-land.de\/wp-content\/uploads\/2022\/02\/Sonnenuntergang1_cut.jpg","type":"","width":"","height":""}],"twitter_card":"summary_large_image","twitter_misc":{"Gesch\u00e4tzte Lesezeit":"3\u00a0Minuten"},"schema":{"@context":"https:\/\/schema.org","@graph":[{"@type":"WebPage","@id":"https:\/\/ferienwohnung-bergisches-land.de\/","url":"https:\/\/ferienwohnung-bergisches-land.de\/","name":"Home - Ferienwohnung Bergisches Land","isPartOf":{"@id":"https:\/\/ferienwohnung-bergisches-land.de\/#website"},"primaryImageOfPage":{"@id":"https:\/\/ferienwohnung-bergisches-land.de\/#primaryimage"},"image":{"@id":"https:\/\/ferienwohnung-bergisches-land.de\/#primaryimage"},"thumbnailUrl":"https:\/\/ferienwohnung-bergisches-land.de\/wp-content\/uploads\/2022\/02\/Sonnenuntergang1_cut.jpg","datePublished":"2020-05-12T03:43:03+00:00","dateModified":"2023-03-31T07:38:22+00:00","breadcrumb":{"@id":"https:\/\/ferienwohnung-bergisches-land.de\/#breadcrumb"},"inLanguage":"de","potentialAction":[{"@type":"ReadAction","target":["https:\/\/ferienwohnung-bergisches-land.de\/"]}]},{"@type":"ImageObject","inLanguage":"de","@id":"https:\/\/ferienwohnung-bergisches-land.de\/#primaryimage","url":"https:\/\/ferienwohnung-bergisches-land.de\/wp-content\/uploads\/2022\/02\/Sonnenuntergang1_cut.jpg","contentUrl":"https:\/\/ferienwohnung-bergisches-land.de\/wp-content\/uploads\/2022\/02\/Sonnenuntergang1_cut.jpg","width":1181,"height":558},{"@type":"BreadcrumbList","@id":"https:\/\/ferienwohnung-bergisches-land.de\/#breadcrumb","itemListElement":[{"@type":"ListItem","position":1,"name":"Startseite","item":"https:\/\/ferienwohnung-bergisches-land.de\/"},{"@type":"ListItem","position":2,"name":"Home"}]},{"@type":"WebSite","@id":"https:\/\/ferienwohnung-bergisches-land.de\/#website","url":"https:\/\/ferienwohnung-bergisches-land.de\/","name":"Ferienwohnung Bergisches Land","description":"","potentialAction":[{"@type":"SearchAction","target":{"@type":"EntryPoint","urlTemplate":"https:\/\/ferienwohnung-bergisches-land.de\/?s={search_term_string}"},"query-input":{"@type":"PropertyValueSpecification","valueRequired":true,"valueName":"search_term_string"}}],"inLanguage":"de"}]}},"_links":{"self":[{"href":"https:\/\/ferienwohnung-bergisches-land.de\/index.php\/wp-json\/wp\/v2\/pages\/217","targetHints":{"allow":["GET"]}}],"collection":[{"href":"https:\/\/ferienwohnung-bergisches-land.de\/index.php\/wp-json\/wp\/v2\/pages"}],"about":[{"href":"https:\/\/ferienwohnung-bergisches-land.de\/index.php\/wp-json\/wp\/v2\/types\/page"}],"author":[{"embeddable":true,"href":"https:\/\/ferienwohnung-bergisches-land.de\/index.php\/wp-json\/wp\/v2\/users\/1"}],"replies":[{"embeddable":true,"href":"https:\/\/ferienwohnung-bergisches-land.de\/index.php\/wp-json\/wp\/v2\/comments?post=217"}],"version-history":[{"count":35,"href":"https:\/\/ferienwohnung-bergisches-land.de\/index.php\/wp-json\/wp\/v2\/pages\/217\/revisions"}],"predecessor-version":[{"id":775,"href":"https:\/\/ferienwohnung-bergisches-land.de\/index.php\/wp-json\/wp\/v2\/pages\/217\/revisions\/775"}],"wp:attachment":[{"href":"https:\/\/ferienwohnung-bergisches-land.de\/index.php\/wp-json\/wp\/v2\/media?parent=217"}],"curies":[{"name":"wp","href":"https:\/\/api.w.org\/{rel}","templated":true}]}}